{"id":1417,"date":"2024-12-01T21:28:29","date_gmt":"2024-12-01T18:28:29","guid":{"rendered":"https:\/\/conferences.su.edu.krd\/ice3\/?page_id=1417"},"modified":"2024-12-01T21:30:58","modified_gmt":"2024-12-01T18:30:58","slug":"about-sponsorship","status":"publish","type":"page","link":"https:\/\/conferences.su.edu.krd\/ice3\/about-sponsorship\/","title":{"rendered":"About Sponsorship"},"content":{"rendered":"\n<div class=\"wp-block-uagb-container uagb-block-25efe059 alignfull uagb-is-root-container\"><div class=\"uagb-container-inner-blocks-wrap\">\n<div class=\"wp-block-uagb-advanced-heading uagb-block-152b2cf8\"><h1 class=\"uagb-heading-text\">Committees<\/h1><\/div>\n<\/div><\/div>\n\n\n\n<div class=\"wp-block-uagb-container uagb-layout-grid uagb-block-c07c1ca2 alignfull uagb-is-root-container\"><div class=\"uagb-container-inner-blocks-wrap\">\n<div class=\"wp-block-uagb-info-box uagb-block-439a912a uagb-infobox__content-wrap  uagb-infobox-icon-above-title uagb-infobox-image-valign-top\"><div class=\"uagb-ifb-content\"><div class=\"uagb-ifb-title-wrap\"><h2 class=\"uagb-ifb-title\">Committees<\/h2><\/div><div class=\"uagb-ifb-separator\"><\/div><p class=\"uagb-ifb-desc\">FICMA2025&#8217;s\u00a0<strong>Scientific Committee<\/strong>\u00a0ensures academic excellence by reviewing submissions and shaping the program, while the\u00a0<strong>Organizing Committee<\/strong>\u00a0manages logistics, fostering a seamless conference experience.<br><br>Both committees collaboratively uphold the event&#8217;s high standards and successful execution.<br><br><strong><mark style=\"background-color:rgba(0, 0, 0, 0)\" class=\"has-inline-color has-ast-global-color-0-color\">ADVISORY BOARD<\/mark><\/strong><br>Abdulkarim Yasin Karim, Salahaddin University-Erbil, Iraq<br>Rostam Kareem Saeed, Salahaddin University-Erbil, Iraq<br>Herish Omer Abdullah, Salahaddin University-Erbil, Iraq<\/p><\/div><\/div>\n\n\n\n<div class=\"wp-block-uagb-image uagb-block-c2362fda wp-block-uagb-image--layout-default wp-block-uagb-image--effect-grayscale wp-block-uagb-image--align-none\"><figure class=\"wp-block-uagb-image__figure\"><img decoding=\"async\" srcset=\"https:\/\/conferences.su.edu.krd\/ice3\/wp-content\/uploads\/sites\/15\/2024\/11\/business-people-working-together.jpg ,https:\/\/conferences.su.edu.krd\/ice3\/wp-content\/uploads\/sites\/15\/2024\/11\/business-people-working-together.jpg 780w, https:\/\/conferences.su.edu.krd\/ice3\/wp-content\/uploads\/sites\/15\/2024\/11\/business-people-working-together.jpg 360w\" sizes=\"auto, (max-width: 480px) 150px\" src=\"https:\/\/conferences.su.edu.krd\/ice3\/wp-content\/uploads\/sites\/15\/2024\/11\/business-people-working-together.jpg\" alt=\"\" class=\"uag-image-1336\" width=\"520\" height=\"347\" title=\"Business people working together\" loading=\"lazy\" role=\"img\"\/><\/figure><\/div>\n<\/div><\/div>\n\n\n\n<div class=\"wp-block-uagb-container uagb-block-ada1b635 alignfull uagb-is-root-container\"><div class=\"uagb-container-inner-blocks-wrap\">\n<div class=\"wp-block-uagb-advanced-heading uagb-block-85aae344\"><h4 class=\"uagb-heading-text\">Scientific Committee<\/h4><div class=\"uagb-separator\"><\/div><p class=\"uagb-desc-text\">&#8211; Michel Waldschmidt, Universit\u00e9 Paris Cit\u00e9, France<br>&#8211; Valerio Talamanca, Universit\u00e0 Roma Tre, Italy<br>&#8211; Laura Geatti, Universit\u00e0 Roma2, Italy<br>&#8211; Laura Capuano, Universit\u00e0 Roma Tre, Italy<br>&#8211; Mustafa Saeed Omar, Salahaddin University-Erbil<br>&#8211; Ibrahim Otheman Hamad, Salahaddin University-Erbil, Iraq<br>&#8211; Lea Terracini,&nbsp;<a href=\"https:\/\/scholar.google.com\/citations?view_op=view_org&amp;hl=it&amp;org=17315628399016810142\">Universit\u00e0 di Torino<\/a>, Italy<br>&#8211; Francesco Campagna, Universit\u00e9 Clermont Auvergne, CNRS, France<br>&#8211; Peter Stevenhagen, University of Leiden, Netherland<br>&#8211; Rashad Rashid Haji, Salahaddin University-Erbil, Iraq<br>&#8211; Fatima Mohammed ABOUD, College of Science, University of Diyala<\/p><\/div>\n\n\n\n<div class=\"wp-block-uagb-container uagb-block-03a254f1\">\n<div class=\"wp-block-uagb-advanced-heading uagb-block-f897f70d\"><h4 class=\"uagb-heading-text\">Organisation Committee<\/h4><div class=\"uagb-separator\"><\/div><p class=\"uagb-desc-text\">&#8211; Francesco Pappalardi, Universit\u00e0 Roma Tre, Italy<br>&#8211; Khwazbeen Saida Fatah, Salahaddin University-Erbil, Iraq<br>&#8211; Fuad Wahid Khdhr, Salahaddin University-Erbil, Iraq<br>&#8211; Waleed Husain Aziz, Salahaddin University-Erbil, Iraq<br>&#8211; Amos Turchet, Universit\u00e0 Roma Tre, Italy<br>&#8211; Ghassan Ezzuldin Arif (University of Tikrit)<br>&#8211; Fabrizio Barroero, Universit\u00e0 Roma Tre, Italy<br>&#8211; Faraidun Kadir Hamasalh (Sulaimani Polytechnic University)<br>&#8211; Gashaw A. Mohammed Saleh &nbsp;(Salahaddin University-Erbil)<br>&#8211; Andam Ali Mustafa, Salahaddin University-Erbil, Iraq<br>&#8211; Nareen Sabih Muhemed Said (University of Duhok)<br>&#8211; Jehan Sherwan Ziad (Jehan Ghafuri) Koya University<br>&#8211; Bootan Mohammed Rahman (University of Kurdistan Hawler)<br>&#8211; Manal Naji Al-Harere, University of Technology, Iraq<br>&#8211; Samir Al-Asadi, University of Al-Mustansria, Iraq<br>&#8211; Dilan Faraidoon Ahmed (University of Sulaimani)<br>&#8211; Dler Salih Hasan, Salahaddin University-Erbil.<br>&#8211; Mohammed Issa Hussein, Salahaddin University-Erbil.<br>&#8211; Awreng Baiz Mahmood, Salahaddin University-Erbil.<br>&#8211; Namam Jalal Mahmoud, Salahaddin University-Erbil.<br>&#8211; Dler Hajiagha Aladdin, Salahaddin University-Erbil<\/p><\/div>\n<\/div>\n<\/div><\/div>\n","protected":false},"excerpt":{"rendered":"<p>Committees Scientific Committee &#8211; Michel Waldschmidt, Universit\u00e9 Paris Cit\u00e9, France&#8211; Valerio Talamanca, Universit\u00e0 Roma Tre, Italy&#8211; Laura Geatti, Universit\u00e0 Roma2, [&hellip;]<\/p>\n","protected":false},"author":1,"featured_media":0,"parent":0,"menu_order":0,"comment_status":"closed","ping_status":"closed","template":"","meta":{"_uag_custom_page_level_css":"","site-sidebar-layout":"no-sidebar","site-content-layout":"plain-container","ast-site-content-layout":"full-width-container","site-content-style":"unboxed","site-sidebar-style":"unboxed","ast-global-header-display":"","ast-banner-title-visibility":"","ast-main-header-display":"","ast-hfb-above-header-display":"","ast-hfb-below-header-display":"","ast-hfb-mobile-header-display":"","site-post-title":"disabled","ast-breadcrumbs-content":"","ast-featured-img":"disabled","footer-sml-layout":"","ast-disable-related-posts":"","theme-transparent-header-meta":"enabled","adv-header-id-meta":"","stick-header-meta":"","header-above-stick-meta":"","header-main-stick-meta":"","header-below-stick-meta":"","astra-migrate-meta-layouts":"set","ast-page-background-enabled":"default","ast-page-background-meta":{"desktop":{"background-color":"var(--ast-global-color-4)","background-image":"","background-repeat":"repeat","background-position":"center center","background-size":"auto","background-attachment":"scroll","background-type":"","background-media":"","overlay-type":"","overlay-color":"","overlay-opacity":"","overlay-gradient":""},"tablet":{"background-color":"","background-image":"","background-repeat":"repeat","background-position":"center center","background-size":"auto","background-attachment":"scroll","background-type":"","background-media":"","overlay-type":"","overlay-color":"","overlay-opacity":"","overlay-gradient":""},"mobile":{"background-color":"","background-image":"","background-repeat":"repeat","background-position":"center center","background-size":"auto","background-attachment":"scroll","background-type":"","background-media":"","overlay-type":"","overlay-color":"","overlay-opacity":"","overlay-gradient":""}},"ast-content-background-meta":{"desktop":{"background-color":"var(--ast-global-color-5)","background-image":"","background-repeat":"repeat","background-position":"center center","background-size":"auto","background-attachment":"scroll","background-type":"","background-media":"","overlay-type":"","overlay-color":"","overlay-opacity":"","overlay-gradient":""},"tablet":{"background-color":"var(--ast-global-color-5)","background-image":"","background-repeat":"repeat","background-position":"center center","background-size":"auto","background-attachment":"scroll","background-type":"","background-media":"","overlay-type":"","overlay-color":"","overlay-opacity":"","overlay-gradient":""},"mobile":{"background-color":"var(--ast-global-color-5)","background-image":"","background-repeat":"repeat","background-position":"center center","background-size":"auto","background-attachment":"scroll","background-type":"","background-media":"","overlay-type":"","overlay-color":"","overlay-opacity":"","overlay-gradient":""}},"footnotes":""},"class_list":["post-1417","page","type-page","status-publish","hentry"],"uagb_featured_image_src":{"full":false,"thumbnail":false,"medium":false,"medium_large":false,"large":false,"1536x1536":false,"2048x2048":false},"uagb_author_info":{"display_name":"dler_aDmn","author_link":"https:\/\/conferences.su.edu.krd\/ice3\/author\/dler_admn\/"},"uagb_comment_info":0,"uagb_excerpt":"Committees Scientific Committee &#8211; Michel Waldschmidt, Universit\u00e9 Paris Cit\u00e9, France&#8211; Valerio Talamanca, Universit\u00e0 Roma Tre, Italy&#8211; Laura Geatti, Universit\u00e0 Roma2, [&hellip;]","rttpg_featured_image_url":null,"rttpg_author":{"display_name":"dler_aDmn","author_link":"https:\/\/conferences.su.edu.krd\/ice3\/author\/dler_admn\/"},"rttpg_comment":0,"rttpg_category":null,"rttpg_excerpt":"Committees Scientific Committee &#8211; Michel Waldschmidt, Universit\u00e9 Paris Cit\u00e9, France&#8211; Valerio Talamanca, Universit\u00e0 Roma Tre, Italy&#8211; Laura Geatti, Universit\u00e0 Roma2, [&hellip;]","_links":{"self":[{"href":"https:\/\/conferences.su.edu.krd\/ice3\/wp-json\/wp\/v2\/pages\/1417","targetHints":{"allow":["GET"]}}],"collection":[{"href":"https:\/\/conferences.su.edu.krd\/ice3\/wp-json\/wp\/v2\/pages"}],"about":[{"href":"https:\/\/conferences.su.edu.krd\/ice3\/wp-json\/wp\/v2\/types\/page"}],"author":[{"embeddable":true,"href":"https:\/\/conferences.su.edu.krd\/ice3\/wp-json\/wp\/v2\/users\/1"}],"replies":[{"embeddable":true,"href":"https:\/\/conferences.su.edu.krd\/ice3\/wp-json\/wp\/v2\/comments?post=1417"}],"version-history":[{"count":2,"href":"https:\/\/conferences.su.edu.krd\/ice3\/wp-json\/wp\/v2\/pages\/1417\/revisions"}],"predecessor-version":[{"id":1426,"href":"https:\/\/conferences.su.edu.krd\/ice3\/wp-json\/wp\/v2\/pages\/1417\/revisions\/1426"}],"wp:attachment":[{"href":"https:\/\/conferences.su.edu.krd\/ice3\/wp-json\/wp\/v2\/media?parent=1417"}],"curies":[{"name":"wp","href":"https:\/\/api.w.org\/{rel}","templated":true}]}}